{"id":13664,"date":"2013-03-22T18:50:15","date_gmt":"2013-03-22T18:50:15","guid":{"rendered":"https:\/\/fortidelrourell.es\/blog\/"},"modified":"2023-09-12T07:40:06","modified_gmt":"2023-09-12T07:40:06","slug":"blog-del-forti-del-rourell","status":"publish","type":"page","link":"https:\/\/fortidelrourell.es\/ca\/blog-del-forti-del-rourell\/","title":{"rendered":"Blog"},"content":{"rendered":"<p>[et_pb_section fb_built=&#8221;1&#8243; admin_label=&#8221;section&#8221; _builder_version=&#8221;4.16&#8243; global_colors_info=&#8221;{}&#8221;][et_pb_row _builder_version=&#8221;4.16&#8243; _module_preset=&#8221;default&#8221; global_colors_info=&#8221;{}&#8221;][et_pb_column type=&#8221;4_4&#8243; _builder_version=&#8221;4.16&#8243; _module_preset=&#8221;default&#8221; global_colors_info=&#8221;{}&#8221;][et_pb_text _builder_version=&#8221;4.20.4&#8243; _module_preset=&#8221;default&#8221; text_font=&#8221;||||||||&#8221; header_font=&#8221;EB Garamond|700|||||||&#8221; header_text_color=&#8221;#000000&#8243; header_font_size=&#8221;42px&#8221; background_layout=&#8221;dark&#8221; animation_style=&#8221;fade&#8221; animation_delay=&#8221;50ms&#8221; animation_starting_opacity=&#8221;100%&#8221; hover_enabled=&#8221;0&#8243; global_colors_info=&#8221;{}&#8221; sticky_enabled=&#8221;0&#8243;]<\/p>\n<h1>Not\u00edcies i novetats en el Fort\u00ed del Rourell<\/h1>\n<p>[\/et_pb_text][\/et_pb_column][\/et_pb_row][et_pb_row admin_label=&#8221;row&#8221; _builder_version=&#8221;4.16&#8243; background_size=&#8221;initial&#8221; background_position=&#8221;top_left&#8221; background_repeat=&#8221;repeat&#8221; global_colors_info=&#8221;{}&#8221;][et_pb_column type=&#8221;4_4&#8243; _builder_version=&#8221;4.16&#8243; custom_padding=&#8221;|||&#8221; global_colors_info=&#8221;{}&#8221; custom_padding__hover=&#8221;|||&#8221;][et_pb_blog fullwidth=&#8221;off&#8221; posts_number=&#8221;10000&#8243; include_categories=&#8221;all&#8221; show_more=&#8221;on&#8221; show_author=&#8221;off&#8221; _builder_version=&#8221;4.16&#8243; _module_preset=&#8221;default&#8221; header_font=&#8221;EB Garamond||||||||&#8221; body_font=&#8221;Helvetica Neue Condensed||||||||&#8221; read_more_font=&#8221;|800|||||||&#8221; read_more_text_color=&#8221;#ACBAC4&#8243; pagination_font=&#8221;PT Sans Narrow|700|||||||&#8221; pagination_text_color=&#8221;#96B0A1&#8243; global_colors_info=&#8221;{}&#8221;][\/et_pb_blog][\/et_pb_column][\/et_pb_row][\/et_pb_section]<\/p>\n","protected":false},"excerpt":{"rendered":"<p>En el blog de Fort\u00ed del Rourell trobar\u00e0s tot tipus de contingut per a tenir en compte pels esdeveniments: llocs, preparatius, experi\u00e8ncies&#8230;<\/p>\n","protected":false},"author":1,"featured_media":13546,"parent":0,"menu_order":0,"comment_status":"closed","ping_status":"closed","template":"","meta":{"_et_pb_use_builder":"on","_et_pb_old_content":"[blog layout=\"normal\" column=\"2\" count=\"10\" show_content=\"false\" nopaging=\"false\" cat=\"29\" posts=\"\"]\r\n\r\n[\/blog]","_et_gb_content_width":"","footnotes":""},"class_list":["post-13664","page","type-page","status-publish","has-post-thumbnail","hentry"],"yoast_head":"<!-- This site is optimized with the Yoast SEO plugin v25.5 - https:\/\/yoast.com\/wordpress\/plugins\/seo\/ -->\n<title>Blog d&#039;esdeveniments del Fort\u00ed del Rourell \ud83c\udff0<\/title>\n<meta name=\"description\" content=\"En el blog de Fort\u00ed del Rourell trobar\u00e0s tot tipus de contingut per a tenir en compte pels esdeveniments: llocs, preparatius, experi\u00e8ncies...\" \/>\n<meta name=\"robots\" content=\"index, follow, max-snippet:-1, max-image-preview:large, max-video-preview:-1\" \/>\n<link rel=\"canonical\" href=\"https:\/\/fortidelrourell.es\/ca\/blog-del-forti-del-rourell\/\" \/>\n<meta property=\"og:locale\" content=\"ca_ES\" \/>\n<meta property=\"og:type\" content=\"article\" \/>\n<meta property=\"og:title\" content=\"Blog d&#039;esdeveniments del Fort\u00ed del Rourell \ud83c\udff0\" \/>\n<meta property=\"og:description\" content=\"En el blog de Fort\u00ed del Rourell trobar\u00e0s tot tipus de contingut per a tenir en compte pels esdeveniments: llocs, preparatius, experi\u00e8ncies...\" \/>\n<meta property=\"og:url\" content=\"https:\/\/fortidelrourell.es\/ca\/blog-del-forti-del-rourell\/\" \/>\n<meta property=\"og:site_name\" content=\"Forti del Rourell\" \/>\n<meta property=\"article:modified_time\" content=\"2023-09-12T07:40:06+00:00\" \/>\n<meta property=\"og:image\" content=\"https:\/\/fortidelrourell.es\/wp-content\/uploads\/2022\/06\/IMG_5358-min.jpg\" \/>\n\t<meta property=\"og:image:width\" content=\"1242\" \/>\n\t<meta property=\"og:image:height\" content=\"1227\" \/>\n\t<meta property=\"og:image:type\" content=\"image\/jpeg\" \/>\n<meta name=\"twitter:card\" content=\"summary_large_image\" \/>\n<meta name=\"twitter:label1\" content=\"Temps estimat de lectura\" \/>\n\t<meta name=\"twitter:data1\" content=\"1 minut\" \/>\n<script type=\"application\/ld+json\" class=\"yoast-schema-graph\">{\"@context\":\"https:\/\/schema.org\",\"@graph\":[{\"@type\":\"WebPage\",\"@id\":\"https:\/\/fortidelrourell.es\/ca\/blog-del-forti-del-rourell\/\",\"url\":\"https:\/\/fortidelrourell.es\/ca\/blog-del-forti-del-rourell\/\",\"name\":\"Blog d'esdeveniments del Fort\u00ed del Rourell \ud83c\udff0\",\"isPartOf\":{\"@id\":\"https:\/\/fortidelrourell.es\/ca\/#website\"},\"primaryImageOfPage\":{\"@id\":\"https:\/\/fortidelrourell.es\/ca\/blog-del-forti-del-rourell\/#primaryimage\"},\"image\":{\"@id\":\"https:\/\/fortidelrourell.es\/ca\/blog-del-forti-del-rourell\/#primaryimage\"},\"thumbnailUrl\":\"https:\/\/fortidelrourell.es\/wp-content\/uploads\/2022\/06\/IMG_5358-min.jpg\",\"datePublished\":\"2013-03-22T18:50:15+00:00\",\"dateModified\":\"2023-09-12T07:40:06+00:00\",\"description\":\"En el blog de Fort\u00ed del Rourell trobar\u00e0s tot tipus de contingut per a tenir en compte pels esdeveniments: llocs, preparatius, experi\u00e8ncies...\",\"breadcrumb\":{\"@id\":\"https:\/\/fortidelrourell.es\/ca\/blog-del-forti-del-rourell\/#breadcrumb\"},\"inLanguage\":\"ca\",\"potentialAction\":[{\"@type\":\"ReadAction\",\"target\":[\"https:\/\/fortidelrourell.es\/ca\/blog-del-forti-del-rourell\/\"]}]},{\"@type\":\"ImageObject\",\"inLanguage\":\"ca\",\"@id\":\"https:\/\/fortidelrourell.es\/ca\/blog-del-forti-del-rourell\/#primaryimage\",\"url\":\"https:\/\/fortidelrourell.es\/wp-content\/uploads\/2022\/06\/IMG_5358-min.jpg\",\"contentUrl\":\"https:\/\/fortidelrourell.es\/wp-content\/uploads\/2022\/06\/IMG_5358-min.jpg\",\"width\":1242,\"height\":1227},{\"@type\":\"BreadcrumbList\",\"@id\":\"https:\/\/fortidelrourell.es\/ca\/blog-del-forti-del-rourell\/#breadcrumb\",\"itemListElement\":[{\"@type\":\"ListItem\",\"position\":1,\"name\":\"Portada\",\"item\":\"https:\/\/fortidelrourell.es\/ca\/\"},{\"@type\":\"ListItem\",\"position\":2,\"name\":\"Blog\"}]},{\"@type\":\"WebSite\",\"@id\":\"https:\/\/fortidelrourell.es\/ca\/#website\",\"url\":\"https:\/\/fortidelrourell.es\/ca\/\",\"name\":\"Forti del Rourell\",\"description\":\"Una experiencia \u00fanica en un entorno privilegiado.\",\"potentialAction\":[{\"@type\":\"SearchAction\",\"target\":{\"@type\":\"EntryPoint\",\"urlTemplate\":\"https:\/\/fortidelrourell.es\/ca\/?s={search_term_string}\"},\"query-input\":{\"@type\":\"PropertyValueSpecification\",\"valueRequired\":true,\"valueName\":\"search_term_string\"}}],\"inLanguage\":\"ca\"}]}<\/script>\n<!-- \/ Yoast SEO plugin. -->","yoast_head_json":{"title":"Blog d'esdeveniments del Fort\u00ed del Rourell \ud83c\udff0","description":"En el blog de Fort\u00ed del Rourell trobar\u00e0s tot tipus de contingut per a tenir en compte pels esdeveniments: llocs, preparatius, experi\u00e8ncies...","robots":{"index":"index","follow":"follow","max-snippet":"max-snippet:-1","max-image-preview":"max-image-preview:large","max-video-preview":"max-video-preview:-1"},"canonical":"https:\/\/fortidelrourell.es\/ca\/blog-del-forti-del-rourell\/","og_locale":"ca_ES","og_type":"article","og_title":"Blog d'esdeveniments del Fort\u00ed del Rourell \ud83c\udff0","og_description":"En el blog de Fort\u00ed del Rourell trobar\u00e0s tot tipus de contingut per a tenir en compte pels esdeveniments: llocs, preparatius, experi\u00e8ncies...","og_url":"https:\/\/fortidelrourell.es\/ca\/blog-del-forti-del-rourell\/","og_site_name":"Forti del Rourell","article_modified_time":"2023-09-12T07:40:06+00:00","og_image":[{"width":1242,"height":1227,"url":"https:\/\/fortidelrourell.es\/wp-content\/uploads\/2022\/06\/IMG_5358-min.jpg","type":"image\/jpeg"}],"twitter_card":"summary_large_image","twitter_misc":{"Temps estimat de lectura":"1 minut"},"schema":{"@context":"https:\/\/schema.org","@graph":[{"@type":"WebPage","@id":"https:\/\/fortidelrourell.es\/ca\/blog-del-forti-del-rourell\/","url":"https:\/\/fortidelrourell.es\/ca\/blog-del-forti-del-rourell\/","name":"Blog d'esdeveniments del Fort\u00ed del Rourell \ud83c\udff0","isPartOf":{"@id":"https:\/\/fortidelrourell.es\/ca\/#website"},"primaryImageOfPage":{"@id":"https:\/\/fortidelrourell.es\/ca\/blog-del-forti-del-rourell\/#primaryimage"},"image":{"@id":"https:\/\/fortidelrourell.es\/ca\/blog-del-forti-del-rourell\/#primaryimage"},"thumbnailUrl":"https:\/\/fortidelrourell.es\/wp-content\/uploads\/2022\/06\/IMG_5358-min.jpg","datePublished":"2013-03-22T18:50:15+00:00","dateModified":"2023-09-12T07:40:06+00:00","description":"En el blog de Fort\u00ed del Rourell trobar\u00e0s tot tipus de contingut per a tenir en compte pels esdeveniments: llocs, preparatius, experi\u00e8ncies...","breadcrumb":{"@id":"https:\/\/fortidelrourell.es\/ca\/blog-del-forti-del-rourell\/#breadcrumb"},"inLanguage":"ca","potentialAction":[{"@type":"ReadAction","target":["https:\/\/fortidelrourell.es\/ca\/blog-del-forti-del-rourell\/"]}]},{"@type":"ImageObject","inLanguage":"ca","@id":"https:\/\/fortidelrourell.es\/ca\/blog-del-forti-del-rourell\/#primaryimage","url":"https:\/\/fortidelrourell.es\/wp-content\/uploads\/2022\/06\/IMG_5358-min.jpg","contentUrl":"https:\/\/fortidelrourell.es\/wp-content\/uploads\/2022\/06\/IMG_5358-min.jpg","width":1242,"height":1227},{"@type":"BreadcrumbList","@id":"https:\/\/fortidelrourell.es\/ca\/blog-del-forti-del-rourell\/#breadcrumb","itemListElement":[{"@type":"ListItem","position":1,"name":"Portada","item":"https:\/\/fortidelrourell.es\/ca\/"},{"@type":"ListItem","position":2,"name":"Blog"}]},{"@type":"WebSite","@id":"https:\/\/fortidelrourell.es\/ca\/#website","url":"https:\/\/fortidelrourell.es\/ca\/","name":"Forti del Rourell","description":"Una experiencia \u00fanica en un entorno privilegiado.","potentialAction":[{"@type":"SearchAction","target":{"@type":"EntryPoint","urlTemplate":"https:\/\/fortidelrourell.es\/ca\/?s={search_term_string}"},"query-input":{"@type":"PropertyValueSpecification","valueRequired":true,"valueName":"search_term_string"}}],"inLanguage":"ca"}]}},"_links":{"self":[{"href":"https:\/\/fortidelrourell.es\/ca\/wp-json\/wp\/v2\/pages\/13664","targetHints":{"allow":["GET"]}}],"collection":[{"href":"https:\/\/fortidelrourell.es\/ca\/wp-json\/wp\/v2\/pages"}],"about":[{"href":"https:\/\/fortidelrourell.es\/ca\/wp-json\/wp\/v2\/types\/page"}],"author":[{"embeddable":true,"href":"https:\/\/fortidelrourell.es\/ca\/wp-json\/wp\/v2\/users\/1"}],"replies":[{"embeddable":true,"href":"https:\/\/fortidelrourell.es\/ca\/wp-json\/wp\/v2\/comments?post=13664"}],"version-history":[{"count":0,"href":"https:\/\/fortidelrourell.es\/ca\/wp-json\/wp\/v2\/pages\/13664\/revisions"}],"wp:featuredmedia":[{"embeddable":true,"href":"https:\/\/fortidelrourell.es\/ca\/wp-json\/wp\/v2\/media\/13546"}],"wp:attachment":[{"href":"https:\/\/fortidelrourell.es\/ca\/wp-json\/wp\/v2\/media?parent=13664"}],"curies":[{"name":"wp","href":"https:\/\/api.w.org\/{rel}","templated":true}]}}